{"id":11,"date":"2024-09-27T13:48:59","date_gmt":"2024-09-27T11:48:59","guid":{"rendered":"https:\/\/atelierdelachanterelle.com\/?page_id=11"},"modified":"2024-10-04T10:57:00","modified_gmt":"2024-10-04T08:57:00","slug":"reparation","status":"publish","type":"page","link":"https:\/\/atelierdelachanterelle.com\/index.php\/reparation\/","title":{"rendered":"R\u00e9paration"},"content":{"rendered":"\t\t<div data-elementor-type=\"wp-page\" data-elementor-id=\"11\" class=\"elementor elementor-11\">\n\t\t\t\t<div class=\"elementor-element elementor-element-bbf1948 e-con-full e-flex e-con e-parent\" data-id=\"bbf1948\" data-element_type=\"container\">\n\t\t\t\t<div class=\"elementor-element elementor-element-6285e5f elementor-widget-divider--view-line elementor-widget elementor-widget-divider\" data-id=\"6285e5f\" data-element_type=\"widget\" data-widget_type=\"divider.default\">\n\t\t\t\t<div class=\"elementor-widget-container\">\n\t\t\t\t\t<div class=\"elementor-divider\">\n\t\t\t<span class=\"elementor-divider-separator\">\n\t\t\t\t\t\t<\/span>\n\t\t<\/div>\n\t\t\t\t<\/div>\n\t\t\t\t<\/div>\n\t\t\t\t<div class=\"elementor-element elementor-element-3e32741 elementor-widget elementor-widget-text-editor\" data-id=\"3e32741\" data-element_type=\"widget\" data-widget_type=\"text-editor.default\">\n\t\t\t\t<div class=\"elementor-widget-container\">\n\t\t\t\t\t\t\t<p>Les r\u00e9parations se font g\u00e9n\u00e9ralement sur devis apr\u00e8s examen de votre instrument \u00e0 l&#8217;atelier. Voici n\u00e9anmoins quelques tarifs \u00e0 titre indicatif.<\/p>\t\t\t\t\t\t<\/div>\n\t\t\t\t<\/div>\n\t\t\t\t<div class=\"elementor-element elementor-element-6ba7808 elementor-widget-divider--view-line elementor-widget elementor-widget-divider\" data-id=\"6ba7808\" data-element_type=\"widget\" data-widget_type=\"divider.default\">\n\t\t\t\t<div class=\"elementor-widget-container\">\n\t\t\t\t\t<div class=\"elementor-divider\">\n\t\t\t<span class=\"elementor-divider-separator\">\n\t\t\t\t\t\t<\/span>\n\t\t<\/div>\n\t\t\t\t<\/div>\n\t\t\t\t<\/div>\n\t\t\t\t<\/div>\n\t\t<div class=\"elementor-element elementor-element-ff8ef57 e-con-full e-flex e-con e-parent\" data-id=\"ff8ef57\" data-element_type=\"container\">\n\t\t\t\t<\/div>\n\t\t<div class=\"elementor-element elementor-element-0bb41cf e-grid e-con-full e-con e-parent\" data-id=\"0bb41cf\" data-element_type=\"container\">\n\t\t\t\t<div class=\"elementor-element elementor-element-29d9903 elementor-align-left elementor-icon-list--layout-traditional elementor-list-item-link-full_width elementor-widget elementor-widget-icon-list\" data-id=\"29d9903\" data-element_type=\"widget\" data-widget_type=\"icon-list.default\">\n\t\t\t\t<div class=\"elementor-widget-container\">\n\t\t\t\t\t<ul class=\"elementor-icon-list-items\">\n\t\t\t\t\t\t\t<li class=\"elementor-icon-list-item\">\n\t\t\t\t\t\t\t\t\t\t<span class=\"elementor-icon-list-text\">R\u00e9glage complet : 65 euros<\/span>\n\t\t\t\t\t\t\t\t\t<\/li>\n\t\t\t\t\t\t\t\t<li class=\"elementor-icon-list-item\">\n\t\t\t\t\t\t\t\t\t\t<span class=\"elementor-icon-list-text\">Changement de sillet de t\u00eate : 65 euros<\/span>\n\t\t\t\t\t\t\t\t\t<\/li>\n\t\t\t\t\t\t\t\t<li class=\"elementor-icon-list-item\">\n\t\t\t\t\t\t\t\t\t\t<span class=\"elementor-icon-list-text\">Changement de sillet de chevalet : 65 euros<\/span>\n\t\t\t\t\t\t\t\t\t<\/li>\n\t\t\t\t\t\t\t\t<li class=\"elementor-icon-list-item\">\n\t\t\t\t\t\t\t\t\t\t<span class=\"elementor-icon-list-text\">Planification des frettes : 130 euros<\/span>\n\t\t\t\t\t\t\t\t\t<\/li>\n\t\t\t\t\t\t\t\t<li class=\"elementor-icon-list-item\">\n\t\t\t\t\t\t\t\t\t\t<span class=\"elementor-icon-list-text\">Refrettage : 250 euros<\/span>\n\t\t\t\t\t\t\t\t\t<\/li>\n\t\t\t\t\t\t\t\t<li class=\"elementor-icon-list-item\">\n\t\t\t\t\t\t\t\t\t\t<span class=\"elementor-icon-list-text\">D\u00e9collage et re collage du chevalet : 75 euros<\/span>\n\t\t\t\t\t\t\t\t\t<\/li>\n\t\t\t\t\t\t\t\t<li class=\"elementor-icon-list-item\">\n\t\t\t\t\t\t\t\t\t\t<span class=\"elementor-icon-list-text\">Intervention \u00e9lectronique simple : 25 euros<\/span>\n\t\t\t\t\t\t\t\t\t<\/li>\n\t\t\t\t\t\t\t\t<li class=\"elementor-icon-list-item\">\n\t\t\t\t\t\t\t\t\t\t<span class=\"elementor-icon-list-text\">Installation d'attache courroie : 15 euros<\/span>\n\t\t\t\t\t\t\t\t\t<\/li>\n\t\t\t\t\t\t<\/ul>\n\t\t\t\t<\/div>\n\t\t\t\t<\/div>\n\t\t\t\t<\/div>\n\t\t\t\t<\/div>\n\t\t","protected":false},"excerpt":{"rendered":"<p>Les r\u00e9parations se font g\u00e9n\u00e9ralement sur devis apr\u00e8s examen de votre instrument \u00e0 l&#8217;atelier. Voici n\u00e9anmoins quelques tarifs \u00e0 titre indicatif. R\u00e9glage complet : 65 euros Changement de sillet de t\u00eate : 65 euros Changement de sillet de chevalet : 65 euros Planification des frettes : 130 euros Refrettage : 250 euros D\u00e9collage et re [&hellip;]<\/p>\n","protected":false},"author":1,"featured_media":0,"parent":0,"menu_order":0,"comment_status":"closed","ping_status":"closed","template":"","meta":{"ocean_post_layout":"","ocean_both_sidebars_style":"","ocean_both_sidebars_content_width":0,"ocean_both_sidebars_sidebars_width":0,"ocean_sidebar":"","ocean_second_sidebar":"","ocean_disable_margins":"enable","ocean_add_body_class":"","ocean_shortcode_before_top_bar":"","ocean_shortcode_after_top_bar":"","ocean_shortcode_before_header":"","ocean_shortcode_after_header":"","ocean_has_shortcode":"","ocean_shortcode_after_title":"","ocean_shortcode_before_footer_widgets":"","ocean_shortcode_after_footer_widgets":"","ocean_shortcode_before_footer_bottom":"","ocean_shortcode_after_footer_bottom":"","ocean_display_top_bar":"default","ocean_display_header":"default","ocean_header_style":"","ocean_center_header_left_menu":"","ocean_custom_header_template":"","ocean_custom_logo":0,"ocean_custom_retina_logo":0,"ocean_custom_logo_max_width":0,"ocean_custom_logo_tablet_max_width":0,"ocean_custom_logo_mobile_max_width":0,"ocean_custom_logo_max_height":0,"ocean_custom_logo_tablet_max_height":0,"ocean_custom_logo_mobile_max_height":0,"ocean_header_custom_menu":"","ocean_menu_typo_font_family":"","ocean_menu_typo_font_subset":"","ocean_menu_typo_font_size":0,"ocean_menu_typo_font_size_tablet":0,"ocean_menu_typo_font_size_mobile":0,"ocean_menu_typo_font_size_unit":"px","ocean_menu_typo_font_weight":"","ocean_menu_typo_font_weight_tablet":"","ocean_menu_typo_font_weight_mobile":"","ocean_menu_typo_transform":"","ocean_menu_typo_transform_tablet":"","ocean_menu_typo_transform_mobile":"","ocean_menu_typo_line_height":0,"ocean_menu_typo_line_height_tablet":0,"ocean_menu_typo_line_height_mobile":0,"ocean_menu_typo_line_height_unit":"","ocean_menu_typo_spacing":0,"ocean_menu_typo_spacing_tablet":0,"ocean_menu_typo_spacing_mobile":0,"ocean_menu_typo_spacing_unit":"","ocean_menu_link_color":"","ocean_menu_link_color_hover":"","ocean_menu_link_color_active":"","ocean_menu_link_background":"","ocean_menu_link_hover_background":"","ocean_menu_link_active_background":"","ocean_menu_social_links_bg":"","ocean_menu_social_hover_links_bg":"","ocean_menu_social_links_color":"","ocean_menu_social_hover_links_color":"","ocean_disable_title":"default","ocean_disable_heading":"default","ocean_post_title":"","ocean_post_subheading":"","ocean_post_title_style":"","ocean_post_title_background_color":"","ocean_post_title_background":0,"ocean_post_title_bg_image_position":"","ocean_post_title_bg_image_attachment":"","ocean_post_title_bg_image_repeat":"","ocean_post_title_bg_image_size":"","ocean_post_title_height":0,"ocean_post_title_bg_overlay":0.5,"ocean_post_title_bg_overlay_color":"","ocean_disable_breadcrumbs":"default","ocean_breadcrumbs_color":"","ocean_breadcrumbs_separator_color":"","ocean_breadcrumbs_links_color":"","ocean_breadcrumbs_links_hover_color":"","ocean_display_footer_widgets":"default","ocean_display_footer_bottom":"default","ocean_custom_footer_template":"","footnotes":""},"class_list":["post-11","page","type-page","status-publish","hentry","entry"],"yoast_head":"<!-- This site is optimized with the Yoast SEO plugin v23.5 - https:\/\/yoast.com\/wordpress\/plugins\/seo\/ -->\n<title>R\u00e9paration - Atelier de la Chanterelle<\/title>\n<meta name=\"description\" content=\"Les r\u00e9parations se font g\u00e9n\u00e9ralement sur devis apr\u00e8s examen de votre instrument \u00e0 l\u2019atelier. Voici n\u00e9anmoins quelques tarifs \u00e0 titre indicatif.\" \/>\n<meta name=\"robots\" content=\"index, follow, max-snippet:-1, max-image-preview:large, max-video-preview:-1\" \/>\n<link rel=\"canonical\" href=\"http:\/\/atelierdelachanterelle.com\/index.php\/reparation\/\" \/>\n<meta property=\"og:locale\" content=\"en_US\" \/>\n<meta property=\"og:type\" content=\"article\" \/>\n<meta property=\"og:title\" content=\"R\u00e9paration - Atelier de la Chanterelle\" \/>\n<meta property=\"og:description\" content=\"Les r\u00e9parations se font g\u00e9n\u00e9ralement sur devis apr\u00e8s examen de votre instrument \u00e0 l\u2019atelier. Voici n\u00e9anmoins quelques tarifs \u00e0 titre indicatif.\" \/>\n<meta property=\"og:url\" content=\"http:\/\/atelierdelachanterelle.com\/index.php\/reparation\/\" \/>\n<meta property=\"og:site_name\" content=\"WordPress\" \/>\n<meta property=\"article:modified_time\" content=\"2024-10-04T08:57:00+00:00\" \/>\n<meta name=\"twitter:card\" content=\"summary_large_image\" \/>\n<meta name=\"twitter:label1\" content=\"Est. reading time\" \/>\n\t<meta name=\"twitter:data1\" content=\"1 minute\" \/>\n<script type=\"application\/ld+json\" class=\"yoast-schema-graph\">{\"@context\":\"https:\/\/schema.org\",\"@graph\":[{\"@type\":\"WebPage\",\"@id\":\"http:\/\/atelierdelachanterelle.com\/index.php\/reparation\/\",\"url\":\"http:\/\/atelierdelachanterelle.com\/index.php\/reparation\/\",\"name\":\"R\u00e9paration - Atelier de la Chanterelle\",\"isPartOf\":{\"@id\":\"http:\/\/atelierdelachanterelle.com\/#website\"},\"datePublished\":\"2024-09-27T11:48:59+00:00\",\"dateModified\":\"2024-10-04T08:57:00+00:00\",\"description\":\"Les r\u00e9parations se font g\u00e9n\u00e9ralement sur devis apr\u00e8s examen de votre instrument \u00e0 l\u2019atelier. Voici n\u00e9anmoins quelques tarifs \u00e0 titre indicatif.\",\"breadcrumb\":{\"@id\":\"http:\/\/atelierdelachanterelle.com\/index.php\/reparation\/#breadcrumb\"},\"inLanguage\":\"en-US\",\"potentialAction\":[{\"@type\":\"ReadAction\",\"target\":[\"http:\/\/atelierdelachanterelle.com\/index.php\/reparation\/\"]}]},{\"@type\":\"BreadcrumbList\",\"@id\":\"http:\/\/atelierdelachanterelle.com\/index.php\/reparation\/#breadcrumb\",\"itemListElement\":[{\"@type\":\"ListItem\",\"position\":1,\"name\":\"Accueil\",\"item\":\"http:\/\/atelierdelachanterelle.com\/\"},{\"@type\":\"ListItem\",\"position\":2,\"name\":\"R\u00e9paration\"}]},{\"@type\":\"WebSite\",\"@id\":\"http:\/\/atelierdelachanterelle.com\/#website\",\"url\":\"http:\/\/atelierdelachanterelle.com\/\",\"name\":\"WordPress\",\"description\":\"Un site utilisant WordPress\",\"publisher\":{\"@id\":\"http:\/\/atelierdelachanterelle.com\/#organization\"},\"potentialAction\":[{\"@type\":\"SearchAction\",\"target\":{\"@type\":\"EntryPoint\",\"urlTemplate\":\"http:\/\/atelierdelachanterelle.com\/?s={search_term_string}\"},\"query-input\":{\"@type\":\"PropertyValueSpecification\",\"valueRequired\":true,\"valueName\":\"search_term_string\"}}],\"inLanguage\":\"en-US\"},{\"@type\":\"Organization\",\"@id\":\"http:\/\/atelierdelachanterelle.com\/#organization\",\"name\":\"WordPress\",\"url\":\"http:\/\/atelierdelachanterelle.com\/\",\"logo\":{\"@type\":\"ImageObject\",\"inLanguage\":\"en-US\",\"@id\":\"http:\/\/atelierdelachanterelle.com\/#\/schema\/logo\/image\/\",\"url\":\"https:\/\/atelierdelachanterelle.com\/wp-content\/uploads\/2024\/09\/Logo-2.png\",\"contentUrl\":\"https:\/\/atelierdelachanterelle.com\/wp-content\/uploads\/2024\/09\/Logo-2.png\",\"width\":800,\"height\":283,\"caption\":\"WordPress\"},\"image\":{\"@id\":\"http:\/\/atelierdelachanterelle.com\/#\/schema\/logo\/image\/\"}}]}<\/script>\n<!-- \/ Yoast SEO plugin. -->","yoast_head_json":{"title":"R\u00e9paration - Atelier de la Chanterelle","description":"Les r\u00e9parations se font g\u00e9n\u00e9ralement sur devis apr\u00e8s examen de votre instrument \u00e0 l\u2019atelier. Voici n\u00e9anmoins quelques tarifs \u00e0 titre indicatif.","robots":{"index":"index","follow":"follow","max-snippet":"max-snippet:-1","max-image-preview":"max-image-preview:large","max-video-preview":"max-video-preview:-1"},"canonical":"http:\/\/atelierdelachanterelle.com\/index.php\/reparation\/","og_locale":"en_US","og_type":"article","og_title":"R\u00e9paration - Atelier de la Chanterelle","og_description":"Les r\u00e9parations se font g\u00e9n\u00e9ralement sur devis apr\u00e8s examen de votre instrument \u00e0 l\u2019atelier. Voici n\u00e9anmoins quelques tarifs \u00e0 titre indicatif.","og_url":"http:\/\/atelierdelachanterelle.com\/index.php\/reparation\/","og_site_name":"WordPress","article_modified_time":"2024-10-04T08:57:00+00:00","twitter_card":"summary_large_image","twitter_misc":{"Est. reading time":"1 minute"},"schema":{"@context":"https:\/\/schema.org","@graph":[{"@type":"WebPage","@id":"http:\/\/atelierdelachanterelle.com\/index.php\/reparation\/","url":"http:\/\/atelierdelachanterelle.com\/index.php\/reparation\/","name":"R\u00e9paration - Atelier de la Chanterelle","isPartOf":{"@id":"http:\/\/atelierdelachanterelle.com\/#website"},"datePublished":"2024-09-27T11:48:59+00:00","dateModified":"2024-10-04T08:57:00+00:00","description":"Les r\u00e9parations se font g\u00e9n\u00e9ralement sur devis apr\u00e8s examen de votre instrument \u00e0 l\u2019atelier. Voici n\u00e9anmoins quelques tarifs \u00e0 titre indicatif.","breadcrumb":{"@id":"http:\/\/atelierdelachanterelle.com\/index.php\/reparation\/#breadcrumb"},"inLanguage":"en-US","potentialAction":[{"@type":"ReadAction","target":["http:\/\/atelierdelachanterelle.com\/index.php\/reparation\/"]}]},{"@type":"BreadcrumbList","@id":"http:\/\/atelierdelachanterelle.com\/index.php\/reparation\/#breadcrumb","itemListElement":[{"@type":"ListItem","position":1,"name":"Accueil","item":"http:\/\/atelierdelachanterelle.com\/"},{"@type":"ListItem","position":2,"name":"R\u00e9paration"}]},{"@type":"WebSite","@id":"http:\/\/atelierdelachanterelle.com\/#website","url":"http:\/\/atelierdelachanterelle.com\/","name":"WordPress","description":"Un site utilisant WordPress","publisher":{"@id":"http:\/\/atelierdelachanterelle.com\/#organization"},"potentialAction":[{"@type":"SearchAction","target":{"@type":"EntryPoint","urlTemplate":"http:\/\/atelierdelachanterelle.com\/?s={search_term_string}"},"query-input":{"@type":"PropertyValueSpecification","valueRequired":true,"valueName":"search_term_string"}}],"inLanguage":"en-US"},{"@type":"Organization","@id":"http:\/\/atelierdelachanterelle.com\/#organization","name":"WordPress","url":"http:\/\/atelierdelachanterelle.com\/","logo":{"@type":"ImageObject","inLanguage":"en-US","@id":"http:\/\/atelierdelachanterelle.com\/#\/schema\/logo\/image\/","url":"https:\/\/atelierdelachanterelle.com\/wp-content\/uploads\/2024\/09\/Logo-2.png","contentUrl":"https:\/\/atelierdelachanterelle.com\/wp-content\/uploads\/2024\/09\/Logo-2.png","width":800,"height":283,"caption":"WordPress"},"image":{"@id":"http:\/\/atelierdelachanterelle.com\/#\/schema\/logo\/image\/"}}]}},"_links":{"self":[{"href":"https:\/\/atelierdelachanterelle.com\/index.php\/wp-json\/wp\/v2\/pages\/11","targetHints":{"allow":["GET"]}}],"collection":[{"href":"https:\/\/atelierdelachanterelle.com\/index.php\/wp-json\/wp\/v2\/pages"}],"about":[{"href":"https:\/\/atelierdelachanterelle.com\/index.php\/wp-json\/wp\/v2\/types\/page"}],"author":[{"embeddable":true,"href":"https:\/\/atelierdelachanterelle.com\/index.php\/wp-json\/wp\/v2\/users\/1"}],"replies":[{"embeddable":true,"href":"https:\/\/atelierdelachanterelle.com\/index.php\/wp-json\/wp\/v2\/comments?post=11"}],"version-history":[{"count":40,"href":"https:\/\/atelierdelachanterelle.com\/index.php\/wp-json\/wp\/v2\/pages\/11\/revisions"}],"predecessor-version":[{"id":373,"href":"https:\/\/atelierdelachanterelle.com\/index.php\/wp-json\/wp\/v2\/pages\/11\/revisions\/373"}],"wp:attachment":[{"href":"https:\/\/atelierdelachanterelle.com\/index.php\/wp-json\/wp\/v2\/media?parent=11"}],"curies":[{"name":"wp","href":"https:\/\/api.w.org\/{rel}","templated":true}]}}